{"id":15,"date":"2023-10-22T12:07:49","date_gmt":"2023-10-22T10:07:49","guid":{"rendered":"http:\/\/w-47.org\/?page_id=15"},"modified":"2023-10-22T13:07:03","modified_gmt":"2023-10-22T11:07:03","slug":"das-projekt","status":"publish","type":"page","link":"https:\/\/w-47.org\/?page_id=15","title":{"rendered":"Das Projekt"},"content":{"rendered":"\n<div class=\"wp-block-group is-vertical is-layout-flex wp-container-core-group-is-layout-8cf370e7 wp-block-group-is-layout-flex\">\n<div class=\"wp-block-group\"><div class=\"wp-block-group__inner-container is-layout-constrained wp-block-group-is-layout-constrained\"><div class=\"wp-block-image\">\n<figure class=\"alignleft size-medium\"><img loading=\"lazy\" decoding=\"async\" width=\"225\" height=\"300\" src=\"http:\/\/w-47.org\/wp-content\/uploads\/2023\/10\/10665713_1520616114843626_3698500001715681598_n-225x300.jpg\" alt=\"\" class=\"wp-image-35\" style=\"aspect-ratio:1;object-fit:cover\" srcset=\"https:\/\/w-47.org\/wp-content\/uploads\/2023\/10\/10665713_1520616114843626_3698500001715681598_n-225x300.jpg 225w, https:\/\/w-47.org\/wp-content\/uploads\/2023\/10\/10665713_1520616114843626_3698500001715681598_n.jpg 561w\" sizes=\"auto, (max-width: 225px) 100vw, 225px\" \/><\/figure>\n<\/div>\n\n\n<p class=\"has-medium-font-size\"><em>Wohnen in Heilbronn\u2026<\/em><\/p>\n\n\n\n<p>Seit einiger Zeit ist das Thema Wohnungspolitik auch in Heilbronn pr\u00e4sent. Dabei geht es oftmals vor allem um die Umgestaltung der Stadt im Zuge der Vorbereitungen f\u00fcr die Bundesgartenschau 2019 und um den neu entstehenden Stadtteil \u201eNeckarbogen\u201c. Es werden aber auch zunehmend Probleme und Fehlentwicklungen sichtbar, die in vielen gr\u00f6\u00dferen St\u00e4dten zu beobachten sind. Immer mehr Menschen haben enorme Schwierigkeiten, bezahlbaren Wohnraum zu finden. Die rapide ansteigende Zahl von Studierenden ist eine Bereicherung f\u00fcr die Stadt \u2013 diese ben\u00f6tigen aber ausreichen attraktive und gleichzeitig g\u00fcnstige Wohnm\u00f6glichkeiten, wenn das Studium in Heilbronn kein Privileg, sondern f\u00fcr alle Menschen m\u00f6glich sein soll.<br>F\u00fcr B\u00fcrgerinnen und B\u00fcrger mit geringem Einkommen, von der alleinerziehenden Mutter, prek\u00e4r Besch\u00e4ftigte bis hin zu Rentnerinnen und Rentnern, bedeuten teils massive Mietpreissteigerungen, die Umwandlung von Mietwohnungen in Eigentumswohnungen und die teure Sanierung von Wohnraum durch gro\u00dfe Investoren vor allem eines: dass sie sich das Wohnen in der Innenstadt nicht mehr leisten k\u00f6nnen.<\/p>\n<\/div><\/div>\n\n\n\n<p><\/p>\n\n\n\n<div class=\"wp-block-group\"><div class=\"wp-block-group__inner-container is-layout-constrained wp-block-group-is-layout-constrained\">\n<p class=\"has-medium-font-size\"><em>\u2026wird immer teurer.<\/em><\/p>\n\n\n\n<p>Versch\u00e4rft wird diese Situation dadurch, dass sich die Anzahl der Sozialwohnungen in Heilbronn von 4000 im Jahr 1980 auf aktuell ca. 1200 nahezu um drei Viertel reduziert hat. Auch wenn wir von den aus anderen Gro\u00dfst\u00e4dten bekannten drastischen Zust\u00e4nden noch entfernt sind: auch in Heilbronn finden schleichende Verdr\u00e4ngungsprozesse statt und es besteht die Gefahr, dass ansprechender und zentrumsnaher Wohnraum zu einer Luxusware wird. Der auf Profitinteresse ausgerichtete kommerzielle Wohnungsmarkt ist nicht dazu geeignet, daran etwas zu \u00e4ndern und das Grundbed\u00fcrfnis nach sicherem und sozialen Wohnraum zu befriedigen. Auch ein reines Delegieren des Problems an die Verwaltung und die Politik ist uns zu wenig. Wir haben uns deshalb die Frage gestellt, wie wir als B\u00fcrgerinnen und B\u00fcrger selbst aktiv werden und aus eigener Kraft Alternativen entwickeln k\u00f6nnen.<\/p>\n<\/div><\/div>\n\n\n\n<p><\/p>\n\n\n\n<div class=\"wp-block-group\"><div class=\"wp-block-group__inner-container is-layout-constrained wp-block-group-is-layout-constrained\"><div class=\"wp-block-image\">\n<figure class=\"alignleft size-medium\"><img loading=\"lazy\" decoding=\"async\" width=\"300\" height=\"225\" src=\"http:\/\/w-47.org\/wp-content\/uploads\/2023\/10\/10662070_1520616051510299_8189186705817040551_o-300x225.jpg\" alt=\"\" class=\"wp-image-38\" srcset=\"https:\/\/w-47.org\/wp-content\/uploads\/2023\/10\/10662070_1520616051510299_8189186705817040551_o-300x225.jpg 300w, https:\/\/w-47.org\/wp-content\/uploads\/2023\/10\/10662070_1520616051510299_8189186705817040551_o.jpg 664w\" sizes=\"auto, (max-width: 300px) 100vw, 300px\" \/><\/figure>\n<\/div>\n\n\n<p class=\"has-medium-font-size\"><em>Alternativen finden\u2026<\/em><\/p>\n\n\n\n<p>Eine Anwort auf diese Frage ist das seit mehr als 20 Jahren bestehende Mietsh\u00e4user Syndikat, ein bundesweiter Zusammenschluss von \u00fcber 100 Hausprojekten. Das Syndikat hat es sich zum Ziel gesetzt, H\u00e4user dauerhaft dem profitorientierten Immobilienmarkt zu entziehen und zu \u201ekollektivem\u201c Eigentum zu machen. Das Konzept besteht darin, dass eine Immobilie von einer zu diesem Zweck gegr\u00fcndeten GmbH gekauft wird. Der Kaufpreis wird anteilsm\u00e4\u00dfig \u00fcber einen Bankkredit und viele kleine sogenannte \u201eDirektkredite\u201c von Privatpersonen aufgebracht und \u00fcber sozial vertr\u00e4gliche Mieten und Kredite getilgt.<\/p>\n<\/div><\/div>\n\n\n\n<p><\/p>\n\n\n\n<div class=\"wp-block-group\"><div class=\"wp-block-group__inner-container is-layout-constrained wp-block-group-is-layout-constrained\">\n<p class=\"has-medium-font-size\"><em>\u2026und umsetzen!<\/em><\/p>\n\n\n\n<p>Unser Nachbar- und Partnerhaus, das <a rel=\"noreferrer noopener\" href=\"http:\/\/www.sz-kaethe.org\/\" target=\"_blank\">\u201eSoziale Zentrum K\u00e4the\u201c<\/a>, war das erste Projekt des Mietsh\u00e4user Syndikats-Verbundes in Heilbronn. Im August 2014 schafften wir es mit der Hilfe zahlreicher Unterst\u00fctzerinnen und Unterst\u00fctzer, auch unser Haus in der Wollhausstra\u00dfe 47 zu kaufen und endg\u00fcltig vom Immobilienmarkt zu nehmen. Seitdem gestalten und verwalten wir als Bewohnerinnen und Bewohner die W47 komplett selbst. Neben dem ganz praktischen Nutzen hat das Projekt f\u00fcr uns auch eine wichtige Signalwirkung: Wohnraum ist kein Spekulations- und Verwertungsobjekt, sondern Menschenrecht! Und: Solidarisches Wohnen und Wirtschaften ist m\u00f6glich!<\/p>\n<\/div><\/div>\n\n\n\n<p><\/p>\n\n\n\n<div class=\"wp-block-group\"><div class=\"wp-block-group__inner-container is-layout-constrained wp-block-group-is-layout-constrained\">\n<p class=\"has-medium-font-size\"><em>Mit der Unterst\u00fctzung von vielen!<\/em><\/p>\n\n\n\n<p>Verwirklichen konnten wir unser Vorhaben nur mit der Hilfe vieler Unterst\u00fctzerinnen und Unterst\u00fctzer. Wir sind auch weiterhin auf der Suche nach Menschen, die ihr Geld lieber bei uns f\u00fcr einen sozialen Zweck anlegen, als es einer Bank anzuvertrauen. Getreu dem Syndikats- Motto \u201eLieber tausend FreundInnen im R\u00fccken als eine Bank im Nacken!\u201c sind auch kleine Betr\u00e4ge hilfreich. Mit bis zu 2 % Zinsen haben wir dabei auch materiell etwas zu bieten. Sicherheit garantiert uns und unseren Unterst\u00fctzerinnen und Unterst\u00fctzern das Mietsh\u00e4user Syndikat als seit Jahren erfolgreiches Modell mit viel Erfahrung und Know-How.<\/p>\n<\/div><\/div>\n\n\n\n<p><\/p>\n\n\n\n<div class=\"wp-block-group\"><div class=\"wp-block-group__inner-container is-layout-constrained wp-block-group-is-layout-constrained\">\n<p><strong><em>Mehr Informationen zum Mietsh\u00e4user Syndikat unter:<\/em><\/strong><\/p>\n\n\n\n<p><a href=\"https:\/\/www.syndikat.org\/\">syndikat.org\/<\/a><\/p>\n<\/div><\/div>\n<\/div>\n","protected":false},"excerpt":{"rendered":"<p>Wohnen in Heilbronn\u2026 Seit einiger Zeit ist das Thema Wohnungspolitik auch in Heilbronn pr\u00e4sent. Dabei geht es oftmals vor allem um die Umgestaltung der Stadt im Zuge der Vorbereitungen f\u00fcr die Bundesgartenschau 2019 und um den neu entstehenden Stadtteil \u201eNeckarbogen\u201c. &hellip; <a href=\"https:\/\/w-47.org\/?page_id=15\">Weiterlesen <span class=\"meta-nav\">&rarr;<\/span><\/a><\/p>\n","protected":false},"author":1,"featured_media":0,"parent":0,"menu_order":0,"comment_status":"closed","ping_status":"closed","template":"full-width-page.php","meta":{"footnotes":""},"class_list":["post-15","page","type-page","status-publish","hentry"],"_links":{"self":[{"href":"https:\/\/w-47.org\/index.php?rest_route=\/wp\/v2\/pages\/15","targetHints":{"allow":["GET"]}}],"collection":[{"href":"https:\/\/w-47.org\/index.php?rest_route=\/wp\/v2\/pages"}],"about":[{"href":"https:\/\/w-47.org\/index.php?rest_route=\/wp\/v2\/types\/page"}],"author":[{"embeddable":true,"href":"https:\/\/w-47.org\/index.php?rest_route=\/wp\/v2\/users\/1"}],"replies":[{"embeddable":true,"href":"https:\/\/w-47.org\/index.php?rest_route=%2Fwp%2Fv2%2Fcomments&post=15"}],"version-history":[{"count":0,"href":"https:\/\/w-47.org\/index.php?rest_route=\/wp\/v2\/pages\/15\/revisions"}],"wp:attachment":[{"href":"https:\/\/w-47.org\/index.php?rest_route=%2Fwp%2Fv2%2Fmedia&parent=15"}],"curies":[{"name":"wp","href":"https:\/\/api.w.org\/{rel}","templated":true}]}}